{"id":1236,"date":"2026-04-17T01:24:03","date_gmt":"2026-04-17T01:24:03","guid":{"rendered":"https:\/\/web.sporlcf.org\/?page_id=1236"},"modified":"2026-04-17T03:26:14","modified_gmt":"2026-04-17T03:26:14","slug":"revistas","status":"publish","type":"page","link":"https:\/\/web.sporlcf.org\/index.php\/revistas\/","title":{"rendered":"REVISTAS"},"content":{"rendered":"\t\t<div data-elementor-type=\"wp-page\" data-elementor-id=\"1236\" class=\"elementor elementor-1236\" data-elementor-post-type=\"page\">\n\t\t\t\t<div class=\"elementor-element elementor-element-948b7ea e-flex e-con-boxed e-con e-parent\" data-id=\"948b7ea\" data-element_type=\"container\">\n\t\t\t\t\t<div class=\"e-con-inner\">\n\t\t\t\t<div class=\"elementor-element elementor-element-a9a00cd elementor-widget elementor-widget-spacer\" data-id=\"a9a00cd\" data-element_type=\"widget\" data-widget_type=\"spacer.default\">\n\t\t\t\t<div class=\"elementor-widget-container\">\n\t\t\t\t\t\t\t<div class=\"elementor-spacer\">\n\t\t\t<div class=\"elementor-spacer-inner\"><\/div>\n\t\t<\/div>\n\t\t\t\t\t\t<\/div>\n\t\t\t\t<\/div>\n\t\t\t\t<div class=\"elementor-element elementor-element-e8ba182 elementor-widget elementor-widget-heading\" data-id=\"e8ba182\" data-element_type=\"widget\" data-widget_type=\"heading.default\">\n\t\t\t\t<div class=\"elementor-widget-container\">\n\t\t\t\t\t<h1 class=\"elementor-heading-title elementor-size-default\">REVISTAS<\/h1>\t\t\t\t<\/div>\n\t\t\t\t<\/div>\n\t\t\t\t<div class=\"elementor-element elementor-element-e1a26b8 elementor-widget elementor-widget-text-editor\" data-id=\"e1a26b8\" data-element_type=\"widget\" data-widget_type=\"text-editor.default\">\n\t\t\t\t<div class=\"elementor-widget-container\">\n\t\t\t\t\t\t\t\t\t<p>La Sociedad Peruana de Otorrinolaringolog\u00eda y Cirug\u00eda Facial pone a disposici\u00f3n de la comunidad m\u00e9dica sus <strong>revistas cient\u00edficas anuales<\/strong>, un espacio dedicado a la difusi\u00f3n del conocimiento, la actualizaci\u00f3n continua y la producci\u00f3n acad\u00e9mica nacional en otorrinolaringolog\u00eda y especialidades afines.<\/p><p>Cada edici\u00f3n re\u00fane <strong>art\u00edculos originales, revisiones, reportes de casos, gu\u00edas cl\u00ednicas y aportes de investigaci\u00f3n<\/strong> desarrollados por especialistas peruanos y colaboradores internacionales, con el objetivo de fortalecer la pr\u00e1ctica basada en evidencia y promover el avance cient\u00edfico de nuestra especialidad.<\/p><p>Esta secci\u00f3n centraliza todas las publicaciones para facilitar su consulta, estudio y citaci\u00f3n por parte de m\u00e9dicos, residentes e investigadores comprometidos con el desarrollo de la otorrinolaringolog\u00eda en el Per\u00fa.<\/p>\t\t\t\t\t\t\t\t<\/div>\n\t\t\t\t<\/div>\n\t\t\t\t\t<\/div>\n\t\t\t\t<\/div>\n\t\t<div class=\"elementor-element elementor-element-0e8f914 e-grid e-con-boxed e-con e-parent\" data-id=\"0e8f914\" data-element_type=\"container\">\n\t\t\t\t\t<div class=\"e-con-inner\">\n\t\t\t\t<div data-tx-wrapper-link=\"{&quot;url&quot;:&quot;https:\\\/\\\/web.sporlcf.org\\\/wp-content\\\/uploads\\\/2026\\\/04\\\/IV-EPOCA-ANO-XXXVII-N-1-DICIEMBRE-2013_compressed.pdf&quot;,&quot;is_external&quot;:&quot;&quot;,&quot;nofollow&quot;:&quot;&quot;,&quot;custom_attributes&quot;:&quot;&quot;}\" style=\"cursor: pointer\" class=\"tx-wrapper-link elementor-element elementor-element-6096521 elementor-widget elementor-widget-image\" data-id=\"6096521\" data-element_type=\"widget\" data-widget_type=\"image.default\">\n\t\t\t\t<div class=\"elementor-widget-container\">\n\t\t\t\t\t\t\t\t\t\t\t\t\t\t\t\t<a href=\"https:\/\/web.sporlcf.org\/wp-content\/uploads\/2026\/04\/revista-2013.jpg\" data-elementor-open-lightbox=\"yes\" data-elementor-lightbox-title=\"revista 2013\" data-e-action-hash=\"#elementor-action%3Aaction%3Dlightbox%26settings%3DeyJpZCI6MTIzNywidXJsIjoiaHR0cHM6XC9cL3dlYi5zcG9ybGNmLm9yZ1wvd3AtY29udGVudFwvdXBsb2Fkc1wvMjAyNlwvMDRcL3JldmlzdGEtMjAxMy5qcGcifQ%3D%3D\">\n\t\t\t\t\t\t\t<img fetchpriority=\"high\" decoding=\"async\" width=\"518\" height=\"720\" src=\"https:\/\/web.sporlcf.org\/wp-content\/uploads\/2026\/04\/revista-2013.jpg\" class=\"attachment-full size-full wp-image-1237\" alt=\"\" srcset=\"https:\/\/web.sporlcf.org\/wp-content\/uploads\/2026\/04\/revista-2013.jpg 518w, https:\/\/web.sporlcf.org\/wp-content\/uploads\/2026\/04\/revista-2013-216x300.jpg 216w, https:\/\/web.sporlcf.org\/wp-content\/uploads\/2026\/04\/revista-2013-58x80.jpg 58w, https:\/\/web.sporlcf.org\/wp-content\/uploads\/2026\/04\/revista-2013-360x500.jpg 360w, https:\/\/web.sporlcf.org\/wp-content\/uploads\/2026\/04\/revista-2013-373x518.jpg 373w, https:\/\/web.sporlcf.org\/wp-content\/uploads\/2026\/04\/revista-2013-460x639.jpg 460w, https:\/\/web.sporlcf.org\/wp-content\/uploads\/2026\/04\/revista-2013-365x507.jpg 365w, https:\/\/web.sporlcf.org\/wp-content\/uploads\/2026\/04\/revista-2013-300x417.jpg 300w\" sizes=\"(max-width: 518px) 100vw, 518px\" \/>\t\t\t\t\t\t\t\t<\/a>\n\t\t\t\t\t\t\t\t\t\t\t\t\t\t\t<\/div>\n\t\t\t\t<\/div>\n\t\t\t\t<div data-tx-wrapper-link=\"{&quot;url&quot;:&quot;https:\\\/\\\/web.sporlcf.org\\\/wp-content\\\/uploads\\\/2026\\\/04\\\/IV-EPOCA-ANO-XXXVIII-DICIEMBRE-2015_compressed.pdf&quot;,&quot;is_external&quot;:&quot;&quot;,&quot;nofollow&quot;:&quot;&quot;,&quot;custom_attributes&quot;:&quot;&quot;}\" style=\"cursor: pointer\" class=\"tx-wrapper-link elementor-element elementor-element-41a334d elementor-widget elementor-widget-image\" data-id=\"41a334d\" data-element_type=\"widget\" data-widget_type=\"image.default\">\n\t\t\t\t<div class=\"elementor-widget-container\">\n\t\t\t\t\t\t\t\t\t\t\t\t\t\t\t<img decoding=\"async\" width=\"514\" height=\"720\" src=\"https:\/\/web.sporlcf.org\/wp-content\/uploads\/2026\/04\/Revista-2015.jpg\" class=\"attachment-full size-full wp-image-1238\" alt=\"\" srcset=\"https:\/\/web.sporlcf.org\/wp-content\/uploads\/2026\/04\/Revista-2015.jpg 514w, https:\/\/web.sporlcf.org\/wp-content\/uploads\/2026\/04\/Revista-2015-214x300.jpg 214w, https:\/\/web.sporlcf.org\/wp-content\/uploads\/2026\/04\/Revista-2015-57x80.jpg 57w, https:\/\/web.sporlcf.org\/wp-content\/uploads\/2026\/04\/Revista-2015-360x504.jpg 360w, https:\/\/web.sporlcf.org\/wp-content\/uploads\/2026\/04\/Revista-2015-373x522.jpg 373w, https:\/\/web.sporlcf.org\/wp-content\/uploads\/2026\/04\/Revista-2015-460x644.jpg 460w, https:\/\/web.sporlcf.org\/wp-content\/uploads\/2026\/04\/Revista-2015-365x511.jpg 365w, https:\/\/web.sporlcf.org\/wp-content\/uploads\/2026\/04\/Revista-2015-300x420.jpg 300w\" sizes=\"(max-width: 514px) 100vw, 514px\" \/>\t\t\t\t\t\t\t\t\t\t\t\t\t\t\t<\/div>\n\t\t\t\t<\/div>\n\t\t\t\t\t<\/div>\n\t\t\t\t<\/div>\n\t\t<div class=\"elementor-element elementor-element-4fe4af7 e-grid e-con-boxed e-con e-parent\" data-id=\"4fe4af7\" data-element_type=\"container\">\n\t\t\t\t\t<div class=\"e-con-inner\">\n\t\t\t\t<div class=\"elementor-element elementor-element-11bfd13 elementor-widget elementor-widget-heading\" data-id=\"11bfd13\" data-element_type=\"widget\" data-widget_type=\"heading.default\">\n\t\t\t\t<div class=\"elementor-widget-container\">\n\t\t\t\t\t<h2 class=\"elementor-heading-title elementor-size-default\">Revista Peruana de Otorrinolaringolog\u00eda y Cirug\u00eda Facial<br>2013<\/h2>\t\t\t\t<\/div>\n\t\t\t\t<\/div>\n\t\t\t\t<div class=\"elementor-element elementor-element-90786de elementor-widget elementor-widget-heading\" data-id=\"90786de\" data-element_type=\"widget\" data-widget_type=\"heading.default\">\n\t\t\t\t<div class=\"elementor-widget-container\">\n\t\t\t\t\t<h2 class=\"elementor-heading-title elementor-size-default\">Revista Peruana de Otorrinolaringolog\u00eda y Cirug\u00eda Facial<br>2015<\/h2>\t\t\t\t<\/div>\n\t\t\t\t<\/div>\n\t\t\t\t\t<\/div>\n\t\t\t\t<\/div>\n\t\t<div class=\"elementor-element elementor-element-fb6ee18 e-grid e-con-boxed e-con e-parent\" data-id=\"fb6ee18\" data-element_type=\"container\">\n\t\t\t\t\t<div class=\"e-con-inner\">\n\t\t\t\t<div data-tx-wrapper-link=\"{&quot;url&quot;:&quot;https:\\\/\\\/web.sporlcf.org\\\/wp-content\\\/uploads\\\/2026\\\/04\\\/IV-EPOCA-ANO-XXXVII-N-1-DICIEMBRE-2013_compressed.pdf&quot;,&quot;is_external&quot;:&quot;on&quot;,&quot;nofollow&quot;:&quot;&quot;,&quot;custom_attributes&quot;:&quot;&quot;}\" style=\"cursor: pointer\" class=\"tx-wrapper-link elementor-element elementor-element-e8ea7eb elementor-align-center elementor-widget elementor-widget-button\" data-id=\"e8ea7eb\" data-element_type=\"widget\" data-widget_type=\"button.default\">\n\t\t\t\t<div class=\"elementor-widget-container\">\n\t\t\t\t\t\t\t\t\t<div class=\"elementor-button-wrapper\">\n\t\t\t\t\t<a class=\"elementor-button elementor-button-link elementor-size-sm\" href=\"http:\/\/2013\">\n\t\t\t\t\t\t<span class=\"elementor-button-content-wrapper\">\n\t\t\t\t\t\t<span class=\"elementor-button-icon\">\n\t\t\t\t<svg aria-hidden=\"true\" class=\"e-font-icon-svg e-far-arrow-alt-circle-right\" viewBox=\"0 0 512 512\" xmlns=\"http:\/\/www.w3.org\/2000\/svg\"><path d=\"M504 256C504 119 393 8 256 8S8 119 8 256s111 248 248 248 248-111 248-248zm-448 0c0-110.5 89.5-200 200-200s200 89.5 200 200-89.5 200-200 200S56 366.5 56 256zm72 20v-40c0-6.6 5.4-12 12-12h116v-67c0-10.7 12.9-16 20.5-8.5l99 99c4.7 4.7 4.7 12.3 0 17l-99 99c-7.6 7.6-20.5 2.2-20.5-8.5v-67H140c-6.6 0-12-5.4-12-12z\"><\/path><\/svg>\t\t\t<\/span>\n\t\t\t\t\t\t\t\t\t<span class=\"elementor-button-text\">Acceda a la Revista 2013 aqu\u00ed<\/span>\n\t\t\t\t\t<\/span>\n\t\t\t\t\t<\/a>\n\t\t\t\t<\/div>\n\t\t\t\t\t\t\t\t<\/div>\n\t\t\t\t<\/div>\n\t\t\t\t<div data-tx-wrapper-link=\"{&quot;url&quot;:&quot;https:\\\/\\\/web.sporlcf.org\\\/wp-content\\\/uploads\\\/2026\\\/04\\\/IV-EPOCA-ANO-XXXVIII-DICIEMBRE-2015_compressed.pdf&quot;,&quot;is_external&quot;:&quot;&quot;,&quot;nofollow&quot;:&quot;&quot;,&quot;custom_attributes&quot;:&quot;&quot;}\" style=\"cursor: pointer\" class=\"tx-wrapper-link elementor-element elementor-element-2a1b6a5 elementor-align-center elementor-widget elementor-widget-button\" data-id=\"2a1b6a5\" data-element_type=\"widget\" data-widget_type=\"button.default\">\n\t\t\t\t<div class=\"elementor-widget-container\">\n\t\t\t\t\t\t\t\t\t<div class=\"elementor-button-wrapper\">\n\t\t\t\t\t<a class=\"elementor-button elementor-button-link elementor-size-sm\" href=\"#\">\n\t\t\t\t\t\t<span class=\"elementor-button-content-wrapper\">\n\t\t\t\t\t\t<span class=\"elementor-button-icon\">\n\t\t\t\t<svg aria-hidden=\"true\" class=\"e-font-icon-svg e-far-arrow-alt-circle-right\" viewBox=\"0 0 512 512\" xmlns=\"http:\/\/www.w3.org\/2000\/svg\"><path d=\"M504 256C504 119 393 8 256 8S8 119 8 256s111 248 248 248 248-111 248-248zm-448 0c0-110.5 89.5-200 200-200s200 89.5 200 200-89.5 200-200 200S56 366.5 56 256zm72 20v-40c0-6.6 5.4-12 12-12h116v-67c0-10.7 12.9-16 20.5-8.5l99 99c4.7 4.7 4.7 12.3 0 17l-99 99c-7.6 7.6-20.5 2.2-20.5-8.5v-67H140c-6.6 0-12-5.4-12-12z\"><\/path><\/svg>\t\t\t<\/span>\n\t\t\t\t\t\t\t\t\t<span class=\"elementor-button-text\">Acceda a la Revista 2015 aqu\u00ed<\/span>\n\t\t\t\t\t<\/span>\n\t\t\t\t\t<\/a>\n\t\t\t\t<\/div>\n\t\t\t\t\t\t\t\t<\/div>\n\t\t\t\t<\/div>\n\t\t\t\t\t<\/div>\n\t\t\t\t<\/div>\n\t\t<div class=\"elementor-element elementor-element-4cf2483 e-grid e-con-boxed e-con e-parent\" data-id=\"4cf2483\" data-element_type=\"container\">\n\t\t\t\t\t<div class=\"e-con-inner\">\n\t\t\t\t<div data-tx-wrapper-link=\"{&quot;url&quot;:&quot;https:\\\/\\\/web.sporlcf.org\\\/wp-content\\\/uploads\\\/2026\\\/04\\\/VOLUMEN-39-N1-JULIO-2017_compressed.pdf&quot;,&quot;is_external&quot;:&quot;&quot;,&quot;nofollow&quot;:&quot;&quot;,&quot;custom_attributes&quot;:&quot;&quot;}\" style=\"cursor: pointer\" class=\"tx-wrapper-link elementor-element elementor-element-b4a328d elementor-widget elementor-widget-image\" data-id=\"b4a328d\" data-element_type=\"widget\" data-widget_type=\"image.default\">\n\t\t\t\t<div class=\"elementor-widget-container\">\n\t\t\t\t\t\t\t\t\t\t\t\t\t\t\t<img decoding=\"async\" width=\"518\" height=\"720\" src=\"https:\/\/web.sporlcf.org\/wp-content\/uploads\/2026\/04\/Revista-2017.jpg\" class=\"attachment-full size-full wp-image-1239\" alt=\"\" srcset=\"https:\/\/web.sporlcf.org\/wp-content\/uploads\/2026\/04\/Revista-2017.jpg 518w, https:\/\/web.sporlcf.org\/wp-content\/uploads\/2026\/04\/Revista-2017-216x300.jpg 216w, https:\/\/web.sporlcf.org\/wp-content\/uploads\/2026\/04\/Revista-2017-58x80.jpg 58w, https:\/\/web.sporlcf.org\/wp-content\/uploads\/2026\/04\/Revista-2017-360x500.jpg 360w, https:\/\/web.sporlcf.org\/wp-content\/uploads\/2026\/04\/Revista-2017-373x518.jpg 373w, https:\/\/web.sporlcf.org\/wp-content\/uploads\/2026\/04\/Revista-2017-460x639.jpg 460w, https:\/\/web.sporlcf.org\/wp-content\/uploads\/2026\/04\/Revista-2017-365x507.jpg 365w, https:\/\/web.sporlcf.org\/wp-content\/uploads\/2026\/04\/Revista-2017-300x417.jpg 300w\" sizes=\"(max-width: 518px) 100vw, 518px\" \/>\t\t\t\t\t\t\t\t\t\t\t\t\t\t\t<\/div>\n\t\t\t\t<\/div>\n\t\t\t\t<div data-tx-wrapper-link=\"{&quot;url&quot;:&quot;https:\\\/\\\/web.sporlcf.org\\\/wp-content\\\/uploads\\\/2026\\\/04\\\/VOLUMEN-40-N1-NOVIEMBRE-2018_compressed.pdf&quot;,&quot;is_external&quot;:&quot;&quot;,&quot;nofollow&quot;:&quot;&quot;,&quot;custom_attributes&quot;:&quot;&quot;}\" style=\"cursor: pointer\" class=\"tx-wrapper-link elementor-element elementor-element-da9316c elementor-widget elementor-widget-image\" data-id=\"da9316c\" data-element_type=\"widget\" data-widget_type=\"image.default\">\n\t\t\t\t<div class=\"elementor-widget-container\">\n\t\t\t\t\t\t\t\t\t\t\t\t\t\t\t<img loading=\"lazy\" decoding=\"async\" width=\"518\" height=\"720\" src=\"https:\/\/web.sporlcf.org\/wp-content\/uploads\/2026\/04\/Revista-2018.jpg\" class=\"attachment-full size-full wp-image-1240\" alt=\"\" srcset=\"https:\/\/web.sporlcf.org\/wp-content\/uploads\/2026\/04\/Revista-2018.jpg 518w, https:\/\/web.sporlcf.org\/wp-content\/uploads\/2026\/04\/Revista-2018-216x300.jpg 216w, https:\/\/web.sporlcf.org\/wp-content\/uploads\/2026\/04\/Revista-2018-58x80.jpg 58w, https:\/\/web.sporlcf.org\/wp-content\/uploads\/2026\/04\/Revista-2018-360x500.jpg 360w, https:\/\/web.sporlcf.org\/wp-content\/uploads\/2026\/04\/Revista-2018-373x518.jpg 373w, https:\/\/web.sporlcf.org\/wp-content\/uploads\/2026\/04\/Revista-2018-460x639.jpg 460w, https:\/\/web.sporlcf.org\/wp-content\/uploads\/2026\/04\/Revista-2018-365x507.jpg 365w, https:\/\/web.sporlcf.org\/wp-content\/uploads\/2026\/04\/Revista-2018-300x417.jpg 300w\" sizes=\"(max-width: 518px) 100vw, 518px\" \/>\t\t\t\t\t\t\t\t\t\t\t\t\t\t\t<\/div>\n\t\t\t\t<\/div>\n\t\t\t\t\t<\/div>\n\t\t\t\t<\/div>\n\t\t<div class=\"elementor-element elementor-element-d0ff5b0 e-grid e-con-boxed e-con e-parent\" data-id=\"d0ff5b0\" data-element_type=\"container\">\n\t\t\t\t\t<div class=\"e-con-inner\">\n\t\t\t\t<div class=\"elementor-element elementor-element-1bb8a43 elementor-widget elementor-widget-heading\" data-id=\"1bb8a43\" data-element_type=\"widget\" data-widget_type=\"heading.default\">\n\t\t\t\t<div class=\"elementor-widget-container\">\n\t\t\t\t\t<h2 class=\"elementor-heading-title elementor-size-default\">Revista Peruana de Otorrinolaringolog\u00eda y Cirug\u00eda Facial<br>2017<\/h2>\t\t\t\t<\/div>\n\t\t\t\t<\/div>\n\t\t\t\t<div class=\"elementor-element elementor-element-a85834e elementor-widget elementor-widget-heading\" data-id=\"a85834e\" data-element_type=\"widget\" data-widget_type=\"heading.default\">\n\t\t\t\t<div class=\"elementor-widget-container\">\n\t\t\t\t\t<h2 class=\"elementor-heading-title elementor-size-default\">Revista Peruana de Otorrinolaringolog\u00eda y Cirug\u00eda Facial<br>2018<\/h2>\t\t\t\t<\/div>\n\t\t\t\t<\/div>\n\t\t\t\t\t<\/div>\n\t\t\t\t<\/div>\n\t\t<div class=\"elementor-element elementor-element-cdaaadf e-grid e-con-boxed e-con e-parent\" data-id=\"cdaaadf\" data-element_type=\"container\">\n\t\t\t\t\t<div class=\"e-con-inner\">\n\t\t\t\t<div data-tx-wrapper-link=\"{&quot;url&quot;:&quot;https:\\\/\\\/web.sporlcf.org\\\/wp-content\\\/uploads\\\/2026\\\/04\\\/VOLUMEN-39-N1-JULIO-2017_compressed.pdf&quot;,&quot;is_external&quot;:&quot;on&quot;,&quot;nofollow&quot;:&quot;&quot;,&quot;custom_attributes&quot;:&quot;&quot;}\" style=\"cursor: pointer\" class=\"tx-wrapper-link elementor-element elementor-element-bef20cf elementor-align-center elementor-widget elementor-widget-button\" data-id=\"bef20cf\" data-element_type=\"widget\" data-widget_type=\"button.default\">\n\t\t\t\t<div class=\"elementor-widget-container\">\n\t\t\t\t\t\t\t\t\t<div class=\"elementor-button-wrapper\">\n\t\t\t\t\t<a class=\"elementor-button elementor-button-link elementor-size-sm\" href=\"https:\/\/web.sporlcf.org\/index.php\/hospital-nacional-arzobispo-loayza\/\">\n\t\t\t\t\t\t<span class=\"elementor-button-content-wrapper\">\n\t\t\t\t\t\t<span class=\"elementor-button-icon\">\n\t\t\t\t<svg aria-hidden=\"true\" class=\"e-font-icon-svg e-far-arrow-alt-circle-right\" viewBox=\"0 0 512 512\" xmlns=\"http:\/\/www.w3.org\/2000\/svg\"><path d=\"M504 256C504 119 393 8 256 8S8 119 8 256s111 248 248 248 248-111 248-248zm-448 0c0-110.5 89.5-200 200-200s200 89.5 200 200-89.5 200-200 200S56 366.5 56 256zm72 20v-40c0-6.6 5.4-12 12-12h116v-67c0-10.7 12.9-16 20.5-8.5l99 99c4.7 4.7 4.7 12.3 0 17l-99 99c-7.6 7.6-20.5 2.2-20.5-8.5v-67H140c-6.6 0-12-5.4-12-12z\"><\/path><\/svg>\t\t\t<\/span>\n\t\t\t\t\t\t\t\t\t<span class=\"elementor-button-text\">Acceda a la Revista 2017 aqu\u00ed<\/span>\n\t\t\t\t\t<\/span>\n\t\t\t\t\t<\/a>\n\t\t\t\t<\/div>\n\t\t\t\t\t\t\t\t<\/div>\n\t\t\t\t<\/div>\n\t\t\t\t<div data-tx-wrapper-link=\"{&quot;url&quot;:&quot;https:\\\/\\\/web.sporlcf.org\\\/wp-content\\\/uploads\\\/2026\\\/04\\\/VOLUMEN-40-N1-NOVIEMBRE-2018_compressed.pdf&quot;,&quot;is_external&quot;:&quot;&quot;,&quot;nofollow&quot;:&quot;&quot;,&quot;custom_attributes&quot;:&quot;&quot;}\" style=\"cursor: pointer\" class=\"tx-wrapper-link elementor-element elementor-element-357e7c7 elementor-align-center elementor-widget elementor-widget-button\" data-id=\"357e7c7\" data-element_type=\"widget\" data-widget_type=\"button.default\">\n\t\t\t\t<div class=\"elementor-widget-container\">\n\t\t\t\t\t\t\t\t\t<div class=\"elementor-button-wrapper\">\n\t\t\t\t\t<a class=\"elementor-button elementor-button-link elementor-size-sm\" href=\"#\">\n\t\t\t\t\t\t<span class=\"elementor-button-content-wrapper\">\n\t\t\t\t\t\t<span class=\"elementor-button-icon\">\n\t\t\t\t<svg aria-hidden=\"true\" class=\"e-font-icon-svg e-far-arrow-alt-circle-right\" viewBox=\"0 0 512 512\" xmlns=\"http:\/\/www.w3.org\/2000\/svg\"><path d=\"M504 256C504 119 393 8 256 8S8 119 8 256s111 248 248 248 248-111 248-248zm-448 0c0-110.5 89.5-200 200-200s200 89.5 200 200-89.5 200-200 200S56 366.5 56 256zm72 20v-40c0-6.6 5.4-12 12-12h116v-67c0-10.7 12.9-16 20.5-8.5l99 99c4.7 4.7 4.7 12.3 0 17l-99 99c-7.6 7.6-20.5 2.2-20.5-8.5v-67H140c-6.6 0-12-5.4-12-12z\"><\/path><\/svg>\t\t\t<\/span>\n\t\t\t\t\t\t\t\t\t<span class=\"elementor-button-text\">Acceda a la Revista 2018 aqu\u00ed<\/span>\n\t\t\t\t\t<\/span>\n\t\t\t\t\t<\/a>\n\t\t\t\t<\/div>\n\t\t\t\t\t\t\t\t<\/div>\n\t\t\t\t<\/div>\n\t\t\t\t\t<\/div>\n\t\t\t\t<\/div>\n\t\t\t\t<\/div>\n\t\t","protected":false},"excerpt":{"rendered":"<p class=\"tx-excerpt\">REVISTAS La Sociedad Peruana de Otorrinolaringolog\u00eda y Cirug\u00eda Facial pone a disposici\u00f3n de la comunidad m\u00e9dica sus revistas cient\u00edficas anuales, un espacio dedicado a la difusi\u00f3n del conocimiento, la actualizaci\u00f3n continua y la","protected":false},"author":1,"featured_media":0,"parent":0,"menu_order":0,"comment_status":"closed","ping_status":"closed","template":"","meta":{"footnotes":""},"class_list":["post-1236","page","type-page","status-publish","hentry"],"_links":{"self":[{"href":"https:\/\/web.sporlcf.org\/index.php\/wp-json\/wp\/v2\/pages\/1236","targetHints":{"allow":["GET"]}}],"collection":[{"href":"https:\/\/web.sporlcf.org\/index.php\/wp-json\/wp\/v2\/pages"}],"about":[{"href":"https:\/\/web.sporlcf.org\/index.php\/wp-json\/wp\/v2\/types\/page"}],"author":[{"embeddable":true,"href":"https:\/\/web.sporlcf.org\/index.php\/wp-json\/wp\/v2\/users\/1"}],"replies":[{"embeddable":true,"href":"https:\/\/web.sporlcf.org\/index.php\/wp-json\/wp\/v2\/comments?post=1236"}],"version-history":[{"count":51,"href":"https:\/\/web.sporlcf.org\/index.php\/wp-json\/wp\/v2\/pages\/1236\/revisions"}],"predecessor-version":[{"id":1304,"href":"https:\/\/web.sporlcf.org\/index.php\/wp-json\/wp\/v2\/pages\/1236\/revisions\/1304"}],"wp:attachment":[{"href":"https:\/\/web.sporlcf.org\/index.php\/wp-json\/wp\/v2\/media?parent=1236"}],"curies":[{"name":"wp","href":"https:\/\/api.w.org\/{rel}","templated":true}]}}