{"id":945,"date":"2025-07-26T04:19:20","date_gmt":"2025-07-26T04:19:20","guid":{"rendered":"https:\/\/web.sporlcf.org\/?page_id=945"},"modified":"2025-08-09T03:19:55","modified_gmt":"2025-08-09T03:19:55","slug":"hospitales","status":"publish","type":"page","link":"https:\/\/web.sporlcf.org\/index.php\/hospitales\/","title":{"rendered":"HOSPITALES"},"content":{"rendered":"\t\t<div data-elementor-type=\"wp-page\" data-elementor-id=\"945\" class=\"elementor elementor-945\" data-elementor-post-type=\"page\">\n\t\t\t\t<div class=\"elementor-element elementor-element-948b7ea e-flex e-con-boxed e-con e-parent\" data-id=\"948b7ea\" data-element_type=\"container\">\n\t\t\t\t\t<div class=\"e-con-inner\">\n\t\t\t\t<div class=\"elementor-element elementor-element-e8ba182 elementor-widget elementor-widget-heading\" data-id=\"e8ba182\" data-element_type=\"widget\" data-widget_type=\"heading.default\">\n\t\t\t\t<div class=\"elementor-widget-container\">\n\t\t\t\t\t<h1 class=\"elementor-heading-title elementor-size-default\">HOSPITALES <\/h1>\t\t\t\t<\/div>\n\t\t\t\t<\/div>\n\t\t\t\t\t<\/div>\n\t\t\t\t<\/div>\n\t\t<div class=\"elementor-element elementor-element-beee222 e-grid e-con-boxed e-con e-parent\" data-id=\"beee222\" data-element_type=\"container\">\n\t\t\t\t\t<div class=\"e-con-inner\">\n\t\t\t\t<div data-tx-wrapper-link=\"{&quot;url&quot;:&quot;https:\\\/\\\/web.sporlcf.org\\\/index.php\\\/hospital-nacional-arzobispo-loayza\\\/&quot;,&quot;is_external&quot;:&quot;&quot;,&quot;nofollow&quot;:&quot;&quot;,&quot;custom_attributes&quot;:&quot;&quot;}\" style=\"cursor: pointer\" class=\"tx-wrapper-link elementor-element elementor-element-1cfd00b elementor-widget elementor-widget-image\" data-id=\"1cfd00b\" data-element_type=\"widget\" data-widget_type=\"image.default\">\n\t\t\t\t<div class=\"elementor-widget-container\">\n\t\t\t\t\t\t\t\t\t\t\t\t\t\t\t<img fetchpriority=\"high\" decoding=\"async\" width=\"1788\" height=\"1136\" src=\"https:\/\/web.sporlcf.org\/wp-content\/uploads\/2025\/07\/LOAYZA-2.jpg\" class=\"attachment-full size-full wp-image-952\" alt=\"\" srcset=\"https:\/\/web.sporlcf.org\/wp-content\/uploads\/2025\/07\/LOAYZA-2.jpg 1788w, https:\/\/web.sporlcf.org\/wp-content\/uploads\/2025\/07\/LOAYZA-2-300x191.jpg 300w, https:\/\/web.sporlcf.org\/wp-content\/uploads\/2025\/07\/LOAYZA-2-1024x651.jpg 1024w, https:\/\/web.sporlcf.org\/wp-content\/uploads\/2025\/07\/LOAYZA-2-768x488.jpg 768w, https:\/\/web.sporlcf.org\/wp-content\/uploads\/2025\/07\/LOAYZA-2-1536x976.jpg 1536w, https:\/\/web.sporlcf.org\/wp-content\/uploads\/2025\/07\/LOAYZA-2-80x51.jpg 80w, https:\/\/web.sporlcf.org\/wp-content\/uploads\/2025\/07\/LOAYZA-2-360x229.jpg 360w, https:\/\/web.sporlcf.org\/wp-content\/uploads\/2025\/07\/LOAYZA-2-373x237.jpg 373w, https:\/\/web.sporlcf.org\/wp-content\/uploads\/2025\/07\/LOAYZA-2-620x394.jpg 620w, https:\/\/web.sporlcf.org\/wp-content\/uploads\/2025\/07\/LOAYZA-2-460x292.jpg 460w, https:\/\/web.sporlcf.org\/wp-content\/uploads\/2025\/07\/LOAYZA-2-365x232.jpg 365w\" sizes=\"(max-width: 1788px) 100vw, 1788px\" \/>\t\t\t\t\t\t\t\t\t\t\t\t\t\t\t<\/div>\n\t\t\t\t<\/div>\n\t\t\t\t<div class=\"elementor-element elementor-element-f8a037d elementor-widget elementor-widget-image\" data-id=\"f8a037d\" data-element_type=\"widget\" data-widget_type=\"image.default\">\n\t\t\t\t<div class=\"elementor-widget-container\">\n\t\t\t\t\t\t\t\t\t\t\t\t\t\t\t<img decoding=\"async\" width=\"1788\" height=\"1136\" src=\"https:\/\/web.sporlcf.org\/wp-content\/uploads\/2025\/08\/Logo-Rebagliati.jpg\" class=\"attachment-full size-full wp-image-1020\" alt=\"\" srcset=\"https:\/\/web.sporlcf.org\/wp-content\/uploads\/2025\/08\/Logo-Rebagliati.jpg 1788w, https:\/\/web.sporlcf.org\/wp-content\/uploads\/2025\/08\/Logo-Rebagliati-300x191.jpg 300w, https:\/\/web.sporlcf.org\/wp-content\/uploads\/2025\/08\/Logo-Rebagliati-1024x651.jpg 1024w, https:\/\/web.sporlcf.org\/wp-content\/uploads\/2025\/08\/Logo-Rebagliati-768x488.jpg 768w, https:\/\/web.sporlcf.org\/wp-content\/uploads\/2025\/08\/Logo-Rebagliati-1536x976.jpg 1536w, https:\/\/web.sporlcf.org\/wp-content\/uploads\/2025\/08\/Logo-Rebagliati-80x51.jpg 80w, https:\/\/web.sporlcf.org\/wp-content\/uploads\/2025\/08\/Logo-Rebagliati-360x229.jpg 360w, https:\/\/web.sporlcf.org\/wp-content\/uploads\/2025\/08\/Logo-Rebagliati-373x237.jpg 373w, https:\/\/web.sporlcf.org\/wp-content\/uploads\/2025\/08\/Logo-Rebagliati-620x394.jpg 620w, https:\/\/web.sporlcf.org\/wp-content\/uploads\/2025\/08\/Logo-Rebagliati-460x292.jpg 460w, https:\/\/web.sporlcf.org\/wp-content\/uploads\/2025\/08\/Logo-Rebagliati-365x232.jpg 365w\" sizes=\"(max-width: 1788px) 100vw, 1788px\" \/>\t\t\t\t\t\t\t\t\t\t\t\t\t\t\t<\/div>\n\t\t\t\t<\/div>\n\t\t\t\t\t<\/div>\n\t\t\t\t<\/div>\n\t\t<div class=\"elementor-element elementor-element-4fe4af7 e-grid e-con-boxed e-con e-parent\" data-id=\"4fe4af7\" data-element_type=\"container\">\n\t\t\t\t\t<div class=\"e-con-inner\">\n\t\t\t\t<div class=\"elementor-element elementor-element-11bfd13 elementor-widget elementor-widget-heading\" data-id=\"11bfd13\" data-element_type=\"widget\" data-widget_type=\"heading.default\">\n\t\t\t\t<div class=\"elementor-widget-container\">\n\t\t\t\t\t<h2 class=\"elementor-heading-title elementor-size-default\">HOSPITAL NACIONAL ARZOBISPO LOAYZA<\/h2>\t\t\t\t<\/div>\n\t\t\t\t<\/div>\n\t\t\t\t<div class=\"elementor-element elementor-element-90786de elementor-widget elementor-widget-heading\" data-id=\"90786de\" data-element_type=\"widget\" data-widget_type=\"heading.default\">\n\t\t\t\t<div class=\"elementor-widget-container\">\n\t\t\t\t\t<h2 class=\"elementor-heading-title elementor-size-default\">HOSPITAL NACIONAL EDUARDO REBAGLIATI MARTINS<\/h2>\t\t\t\t<\/div>\n\t\t\t\t<\/div>\n\t\t\t\t\t<\/div>\n\t\t\t\t<\/div>\n\t\t<div class=\"elementor-element elementor-element-3e4a3a1 e-grid e-con-boxed e-con e-parent\" data-id=\"3e4a3a1\" data-element_type=\"container\">\n\t\t\t\t\t<div class=\"e-con-inner\">\n\t\t\t\t<div class=\"elementor-element elementor-element-4bb7abb elementor-widget elementor-widget-text-editor\" data-id=\"4bb7abb\" data-element_type=\"widget\" data-widget_type=\"text-editor.default\">\n\t\t\t\t<div class=\"elementor-widget-container\">\n\t\t\t\t\t\t\t\t\t<p style=\"text-align: center;\">Aqu\u00ed podr\u00e1 encontrar las \u00faltimas noticias del Hospital Nacional Arzobispo Loayza en la especialidad de Otorrinolaringolog\u00eda<\/p>\n<p><script src=\"chrome-extension:\/\/lopnbnfpjmgpbppclhclehhgafnifija\/aiscripts\/script-main.js\"><\/script><\/p>\n<p>\n<script src=\"chrome-extension:\/\/lopnbnfpjmgpbppclhclehhgafnifija\/aiscripts\/script-main.js\"><\/script>\n<\/p>\t\t\t\t\t\t\t\t<\/div>\n\t\t\t\t<\/div>\n\t\t\t\t<div class=\"elementor-element elementor-element-ed91227 elementor-widget elementor-widget-text-editor\" data-id=\"ed91227\" data-element_type=\"widget\" data-widget_type=\"text-editor.default\">\n\t\t\t\t<div class=\"elementor-widget-container\">\n\t\t\t\t\t\t\t\t\t<p style=\"text-align: center;\">Las noticias m\u00e1s importantes de la especialidad de otorrinolaringolog\u00eda del Hospital Nacional Eduardo Rebagliati Martins aqu\u00ed<\/p><div id=\"ag-1753492380905\">\u00a0<\/div><p><script src=\"chrome-extension:\/\/lopnbnfpjmgpbppclhclehhgafnifija\/aiscripts\/script-main.js\"><\/script><\/p><p><script src=\"chrome-extension:\/\/lopnbnfpjmgpbppclhclehhgafnifija\/aiscripts\/script-main.js\"><\/script><\/p>\t\t\t\t\t\t\t\t<\/div>\n\t\t\t\t<\/div>\n\t\t\t\t\t<\/div>\n\t\t\t\t<\/div>\n\t\t<div class=\"elementor-element elementor-element-fb6ee18 e-grid e-con-boxed e-con e-parent\" data-id=\"fb6ee18\" data-element_type=\"container\">\n\t\t\t\t\t<div class=\"e-con-inner\">\n\t\t\t\t<div class=\"elementor-element elementor-element-e8ea7eb elementor-align-center elementor-widget elementor-widget-button\" data-id=\"e8ea7eb\" data-element_type=\"widget\" data-widget_type=\"button.default\">\n\t\t\t\t<div class=\"elementor-widget-container\">\n\t\t\t\t\t\t\t\t\t<div class=\"elementor-button-wrapper\">\n\t\t\t\t\t<a class=\"elementor-button elementor-button-link elementor-size-sm\" href=\"https:\/\/web.sporlcf.org\/index.php\/hospital-nacional-arzobispo-loayza\/\">\n\t\t\t\t\t\t<span class=\"elementor-button-content-wrapper\">\n\t\t\t\t\t\t<span class=\"elementor-button-icon\">\n\t\t\t\t<svg aria-hidden=\"true\" class=\"e-font-icon-svg e-far-arrow-alt-circle-right\" viewBox=\"0 0 512 512\" xmlns=\"http:\/\/www.w3.org\/2000\/svg\"><path d=\"M504 256C504 119 393 8 256 8S8 119 8 256s111 248 248 248 248-111 248-248zm-448 0c0-110.5 89.5-200 200-200s200 89.5 200 200-89.5 200-200 200S56 366.5 56 256zm72 20v-40c0-6.6 5.4-12 12-12h116v-67c0-10.7 12.9-16 20.5-8.5l99 99c4.7 4.7 4.7 12.3 0 17l-99 99c-7.6 7.6-20.5 2.2-20.5-8.5v-67H140c-6.6 0-12-5.4-12-12z\"><\/path><\/svg>\t\t\t<\/span>\n\t\t\t\t\t\t\t\t\t<span class=\"elementor-button-text\">Noticias del Hospital Nacional Arzobispo Loayza <\/span>\n\t\t\t\t\t<\/span>\n\t\t\t\t\t<\/a>\n\t\t\t\t<\/div>\n\t\t\t\t\t\t\t\t<\/div>\n\t\t\t\t<\/div>\n\t\t\t\t<div class=\"elementor-element elementor-element-2a1b6a5 elementor-align-center elementor-widget elementor-widget-button\" data-id=\"2a1b6a5\" data-element_type=\"widget\" data-widget_type=\"button.default\">\n\t\t\t\t<div class=\"elementor-widget-container\">\n\t\t\t\t\t\t\t\t\t<div class=\"elementor-button-wrapper\">\n\t\t\t\t\t<a class=\"elementor-button elementor-button-link elementor-size-sm\" href=\"#\">\n\t\t\t\t\t\t<span class=\"elementor-button-content-wrapper\">\n\t\t\t\t\t\t<span class=\"elementor-button-icon\">\n\t\t\t\t<svg aria-hidden=\"true\" class=\"e-font-icon-svg e-far-arrow-alt-circle-right\" viewBox=\"0 0 512 512\" xmlns=\"http:\/\/www.w3.org\/2000\/svg\"><path d=\"M504 256C504 119 393 8 256 8S8 119 8 256s111 248 248 248 248-111 248-248zm-448 0c0-110.5 89.5-200 200-200s200 89.5 200 200-89.5 200-200 200S56 366.5 56 256zm72 20v-40c0-6.6 5.4-12 12-12h116v-67c0-10.7 12.9-16 20.5-8.5l99 99c4.7 4.7 4.7 12.3 0 17l-99 99c-7.6 7.6-20.5 2.2-20.5-8.5v-67H140c-6.6 0-12-5.4-12-12z\"><\/path><\/svg>\t\t\t<\/span>\n\t\t\t\t\t\t\t\t\t<span class=\"elementor-button-text\">Noticias del Hospital Nacional Eduardo Rebagliati Martins<\/span>\n\t\t\t\t\t<\/span>\n\t\t\t\t\t<\/a>\n\t\t\t\t<\/div>\n\t\t\t\t\t\t\t\t<\/div>\n\t\t\t\t<\/div>\n\t\t\t\t\t<\/div>\n\t\t\t\t<\/div>\n\t\t\t\t<\/div>\n\t\t","protected":false},"excerpt":{"rendered":"<p class=\"tx-excerpt\">HOSPITALES HOSPITAL NACIONAL ARZOBISPO LOAYZA HOSPITAL NACIONAL EDUARDO REBAGLIATI MARTINS Aqu\u00ed podr\u00e1 encontrar las \u00faltimas noticias del Hospital Nacional Arzobispo Loayza en la especialidad de Otorrinolaringolog\u00eda Las noticias m\u00e1s importantes de la especialidad","protected":false},"author":1,"featured_media":0,"parent":0,"menu_order":0,"comment_status":"closed","ping_status":"closed","template":"","meta":{"footnotes":""},"class_list":["post-945","page","type-page","status-publish","hentry"],"_links":{"self":[{"href":"https:\/\/web.sporlcf.org\/index.php\/wp-json\/wp\/v2\/pages\/945","targetHints":{"allow":["GET"]}}],"collection":[{"href":"https:\/\/web.sporlcf.org\/index.php\/wp-json\/wp\/v2\/pages"}],"about":[{"href":"https:\/\/web.sporlcf.org\/index.php\/wp-json\/wp\/v2\/types\/page"}],"author":[{"embeddable":true,"href":"https:\/\/web.sporlcf.org\/index.php\/wp-json\/wp\/v2\/users\/1"}],"replies":[{"embeddable":true,"href":"https:\/\/web.sporlcf.org\/index.php\/wp-json\/wp\/v2\/comments?post=945"}],"version-history":[{"count":14,"href":"https:\/\/web.sporlcf.org\/index.php\/wp-json\/wp\/v2\/pages\/945\/revisions"}],"predecessor-version":[{"id":1023,"href":"https:\/\/web.sporlcf.org\/index.php\/wp-json\/wp\/v2\/pages\/945\/revisions\/1023"}],"wp:attachment":[{"href":"https:\/\/web.sporlcf.org\/index.php\/wp-json\/wp\/v2\/media?parent=945"}],"curies":[{"name":"wp","href":"https:\/\/api.w.org\/{rel}","templated":true}]}}